{"id":3,"date":"2022-05-22T16:33:38","date_gmt":"2022-05-22T16:33:38","guid":{"rendered":"http:\/\/waldlfest.at\/?page_id=3"},"modified":"2022-05-22T20:07:42","modified_gmt":"2022-05-22T20:07:42","slug":"privacy-policy","status":"publish","type":"page","link":"https:\/\/waldlfest.at\/index.php\/privacy-policy\/","title":{"rendered":"Privacy Policy"},"content":{"rendered":"\n<h2 class=\"wp-block-heading\">Nutzungsbedingungen<\/h2>\n\n\n\n<p>Die Lobminger Ortsmusik gestattet Ihnen das Benutzen dieser Website nur zu privatem, nichtkommerziellem Gebrauch. Der Inhalt\u00a0dieser Website ist urheberrechtlich gesch\u00fctzt. Die Bearbeitung des Inhalts der Website erfolgt durch den EDV-Verantwortlichen. Berichte, Beitr\u00e4ge, Bilder mit namentlicher Nennung stammen vom jeweiligen Autor.<\/p>\n\n\n\n<p>Durch die Benutzung aktzeptieren Sie folgende Pflichten.<\/p>\n\n\n\n<ul class=\"wp-block-list\"><li>Das Einsehen und Herunterladen von Beitr\u00e4gen, Bildern etc. darf nur f\u00fcr privaten und nichtkommerziellen Gebrauch erfolgen.<\/li><li>In jeder Kopie eines heruntergeladenen Inhalts ist auf alle Urheber und sonstige Eigentumsrechte des urspr\u00fcnglichen Inhalts zu verwiesen.<\/li><li>Der Inhalt dieser Website darf in keiner Weise ver\u00e4ndert und nicht f\u00fcr offizielle oder kommerzielle Zwecke vervielf\u00e4ltigt oder \u00f6ffentlich gezeigt, vorgef\u00fchrt, verbreitet oder anderweitig genutzt werden.<\/li><li>Im Sinne dieser Bedingungen ist jegliche Nutzung des Inhalts dieser Website auf allen anderen Websites untersagt, soweit diese nicht in einem eigenem Browserfenster ge\u00f6ffnet wird, und die Lobminger Ortsmusik als Urheber erkennbar ist.<\/li><\/ul>\n\n\n\n<p>Beim Versto\u00df gegen diese Bedingungen erlischt automatisch Ihre Berechtigung zur Nutzung dieser Website. In diesem Fall sind Sie verpflichtet, alle heruntergeladenen beziehungsweise gedruckten Inhalte unverz\u00fcglich zu vernichten.<\/p>\n\n\n\n<h2 class=\"wp-block-heading\">Haftungsausschluss<\/h2>\n\n\n\n<p><strong>Inhalt der Website:<\/strong><\/p>\n\n\n\n<p>Der Inhalt dieser Website der Lobminger Ortsmusik besch\u00e4ftigt sich mit ehrenamtlicher Arbeit im Bereich der Blasmusik. Der Inhalt dieser Website entspricht m\u00f6glicherweise nicht mehr dem neuesten Stand. F\u00fcr die Aktualit\u00e4t, Vollst\u00e4ndigkeit oder Qualit\u00e4t der Artikel zeichnet der jeweilige Autor. Die Redaktion beh\u00e4lt sich das Recht vor Artikel zu k\u00fcrzen oder zu ver\u00e4ndern, und dementsprechend zu kennzeichnen. Die Redaktion ist nicht zur Aktualisierung des Inhalts dieser Website verpflichtet.<\/p>\n\n\n\n<p><strong>Geschlechtsneutrale Bezeichnung:<\/strong><\/p>\n\n\n\n<p>Aus Gr\u00fcnden der Lesbarkeit kann es vorkommen das keine geschlechtsspezifische Form gew\u00e4hlt wird, trotzdem beziehen sich die Angaben auf beide Geschlechter in gleicher Weise.<\/p>\n\n\n\n<p><strong>Urheberrecht<\/strong><\/p>\n\n\n\n<p>Die Lobminger Ortsmusik verwendet auf seiner Website Grafiken, Texte die von Ihm selbst erstellt wurden. Des weiteren sind wir bestrebt fremde Grafiken, Texte nur unter bestehenden Urheberrecht zu publizieren. Sollten Sie eine falsche Urhebernennung, bzw. eine Urheberrechtsverletzung von Dritten, entdecken, bitten wir uns dies mittzuteilen. Die entsprechende Grafik bzw. der entsprechende Text wird dann sofort entfernt, bzw. mit der richtigen Urheberrechts &#8211; Vermerk korrigiert. Mit einem allf\u00e4lligen Versehen in dieser Hinsicht ist kein Ignorieren der Urheberrechte\/Markenrechte beabsichtigt.<\/p>\n\n\n\n<p><strong>Verweise und Links:<\/strong><\/p>\n\n\n\n<p>Auf dieser Website enthaltene Verkn\u00fcpfungen mit Websites anderer Unternehmen werden lediglich aus praktischen Erw\u00e4gungen f\u00fcr den Benutzer bereitgestellt. Wenn Sie eine solche Verkn\u00fcpfung benutzen, verlassen Sie die Website der Lobminger Ortsmusik. Die Lobminger Ortsmusik \u00fcbernimmt keine Verantwortung f\u00fcr diese Websites, deren Inhalt muss nicht der Meinung der Lobminger Ortsmusi entsprechen. Der Zugriff auf eine Website anderer Unternehmen \u00fcber eine Verkn\u00fcpfung auf dieser Website erfolgt auf alleinige Verantwortung des Benutzers.<\/p>\n\n\n\n<p><strong>Rechtswirksamkeit<\/strong><\/p>\n\n\n\n<p>DER INHALT DIESER WEBSITE WIRD UNTER AUSSCHLUSS JEGLICHER GEW\u00c4HRLEISTUNG ZUR VERF\u00dcGUNG GESTELLT, EINSCHLIESSLICH DER GEW\u00c4HRLEISTUNG F\u00dcR DIE HANDELS\u00dcBLICHKEIT, DIE EIGNUNG F\u00dcR EINEN BESTIMMTEN ZWECK ODER DIE NICHTVERLETZUNG VON RECHTEN AN GEISTIGEM EIGENTUM.<\/p>\n\n\n\n<p>DIE LOBMINGER ORTSMUSIK \u00dcBERNIMMT KEINERLEI HAFTUNG F\u00dcR IRGENDWELCHE SCH\u00c4DEN (EINSCHLIESSLICH UND OHNE EINSCHR\u00c4NKUNGEN SOLCHER SCH\u00c4DEN, DIE AUS ENTGANGENEM GEWINN, DATENVERLUST ODER GESCH\u00c4FTSAUSFALL ENTSTEHEN), DIE SICH AUS DER NUTZUNG, DER UNM\u00d6GLICHKEIT DER NUTZUNG ODER DEN ERGEBNISSEN DER NUTZUNG DIESER WEBSITE, ALLER \u00dcBER VERKN\u00dcPFUNGEN AUF DIESER WEBSITE AUFZURUFENDEN WEBSITES ODER DES INHALTS BELIEBIGER ODER ALLER DIESER WEBSITES ERGEBEN. DIES GILT UNABH\u00c4NGIG DAVON, OB SICH DAS PROBLEM AUS DER GEW\u00c4HRLEISTUNG, DEM VERTRAG, UNERLAUBTER HANDLUNG ODER ANDERER RECHTLICHER UMST\u00c4NDE ERGIBT UND OB DIE M\u00d6GLICHKEIT SOLCHER SCH\u00c4DEN BEKANNT WAR. FALLS DIE NUTZUNG DES INHALTS DIESER WEBSITE DAZU F\u00dcHRT, DASS GER\u00c4TE ODER DATEN GEWARTET, REPARIERT ODER KORRIGIERT WERDEN M\u00dcSSEN, SIND ALLE KOSTEN VOM BENUTZER ZU TRAGEN.<\/p>\n\n\n\n<p><\/p>\n\n\n\n<h2 class=\"wp-block-heading\">Datenschutzerkl\u00e4rung<\/h2>\n\n\n\n<p>Der Schutz Ihrer pers\u00f6nlichen Daten ist uns ein besonderes Anliegen. Wir verarbeiten Ihre Daten daher ausschlie\u00dflich auf Grundlage der gesetzlichen Bestimmungen (DSGVO). In diesen Datenschutzinformationen informieren wir Sie \u00fcber die wichtigsten Aspekte der Datenverarbeitung im Rahmen unserer Website.<\/p>\n\n\n\n<p><strong>Informationsanforderung, EMailzusendung mittels Kontaktformular:<\/strong><\/p>\n\n\n\n<p>Wenn Sie per Formular auf der Website Kontakt mit uns aufnehmen, werden Ihre angegebenen Daten zwecks Bearbeitung, verbandsintern von den entsprechenden Mitarbeitern\/Funktion\u00e4ren, der Anfrage und f\u00fcr den Fall von Anschlussfragen 2 Wochen bei uns gespeichert. Diese Daten geben wir nicht ohne Ihre Einwilligung weiter. F\u00fcr die Bearbeitung sind folgende Daten notwendig: Ihr Name, ihre EMail Adresse sowie die Nachricht die sie uns zusenden.<\/p>\n\n\n\n<p><strong>Veranstaltungsanmeldungen:<\/strong><\/p>\n\n\n\n<p>Wenn Sie sich f\u00fcr eine angebotene Veranstaltung auf unserer Website online anmelden, werden Ihre angegebenen Daten zwecks Bearbeitung der Anmeldung und zur Durchf\u00fchrung der Veranstaltung verbandsintern von den Mitarbeitern\/Funktion\u00e4ren der Lobminger Ortsmusik bei uns gespeichert. Ihre Daten werden nicht ohne Ihre Einwilligung weitergegeben, au\u00dfer es ist notwendig diese im Zusammenhang mit gesetzlichen Bestimmungen zur Vertragsabwicklung verbandsintern an Buchhaltung, Veranstaltungskordination weiterzugeben. Die Daten werden nach Abschluss der jeweiligen abgerechneten Veranstaltung gel\u00f6scht, bzw. nach Ablauf einer gesetzlichen Aufbewahrungspflicht. (Steuerrecht,&#8230;.) Als Daten werden erhoben Name, Adresse, EMail Adresse, Termin der Veranstaltung, Thema der Veranstaltung, Funktion im Blasmusikverband, &#8230;&#8230;..<\/p>\n\n\n\n<p>Die Daten werden f\u00fcr eine Verrechnung mit Ihnen ben\u00f6tigt, und um die Veranstaltung planen zu k\u00f6nnen.<\/p>\n\n\n\n<p><strong>Betroffenen-Rechte:<\/strong><\/p>\n\n\n\n<p>Ihnen stehen bez\u00fcglich Ihrer bei uns gespeicherten Daten grunds\u00e4tzlich die Rechte auf Auskunft, Berichtigung, L\u00f6schung, Einschr\u00e4nkung, Daten\u00fcbertragbarkeit, Widerruf und Widerspruch zu. Wenn Sie glauben, dass die Verarbeitung Ihrer Daten gegen das Datenschutzrecht verst\u00f6\u00dft oder Ihre datenschutzrechtlichen Anspr\u00fcche sonst in einer Weise verletzt worden sind, k\u00f6nnen Sie sich bei uns melden, oder bei der Datenschutzbeh\u00f6rde beschweren.<\/p>\n\n\n\n<p>Sie erreichen uns unter folgenden Kontaktdaten: www.lobminger-musi.at<\/p>\n\n\n\n<h2 class=\"wp-block-heading\">Cookies<\/h2>\n\n\n\n<p>Unsere Website verwendet so genannte Cookies. Dabei handelt es sich um kleine Textdateien, die mit Hilfe des Browsers auf Ihrem Endger\u00e4t abgelegt werden. Sie richten keinen Schaden an. Wir nutzen Cookies dazu, unser Angebot nutzerfreundlich zu gestalten. Einige Cookies bleiben auf Ihrem Endger\u00e4t gespeichert, bis Sie diese l\u00f6schen. Sie erm\u00f6glichen es uns, Ihren Browser beim n\u00e4chsten Besuch wiederzuerkennen, und Ihnen bereits besuchte Unterseiten zu markieren.<\/p>\n\n\n\n<p>Wenn Sie dies nicht w\u00fcnschen, so k\u00f6nnen Sie Ihren Browser so einrichten, dass er Sie \u00fcber das Setzen von Cookies informiert und Sie dies nur im Einzelfall erlauben. Bei der Deaktivierung von Cookies kann die Funktionalit\u00e4t unserer Website eingeschr\u00e4nkt sein.<\/p>\n\n\n\n<p><strong>Web-Analyse (wenn verwendet, zb. Google Analytics)<\/strong><\/p>\n\n\n\n<p>Unsere Website verwendet Funktionen des Webanalysedienstes Google Analytics. Dazu werden Cookies verwendet, die eine Analyse der Benutzung der Website durch Ihre Benutzer erm\u00f6glicht. Die dadurch erzeugten Informationen werden auf den Server des Anbieters \u00fcbertragen und dort gespeichert.<\/p>\n\n\n\n<p>Sie k\u00f6nnen dies verhindern, indem Sie Ihren Browser so einrichten, dass keine Cookies gespeichert werden. Wir haben mit dem Anbieter einen entsprechenden Vertrag zur Auftragsdatenverarbeitung abgeschlossen.<\/p>\n\n\n\n<p>Ihre IP-Adresse wird erfasst, aber umgehend (z.B. durch L\u00f6schung der letzten 8 Bit) pseudonymisiert. Dadurch ist nur mehr eine grobe Lokalisierung m\u00f6glich.<\/p>\n\n\n\n<p>Die Datenverarbeitung erfolgt auf Basis der gesetzlichen Bestimmungen des \u00a7 96 Abs 3 TKG sowie des Art 6 Abs 1 lit a (Einwilligung) und\/oder f (berechtigtes Interesse) der DSGVO.<\/p>\n\n\n\n<p>Unser Anliegen im Sinne der DSGVO (berechtigtes Interesse) ist die Verbesserung unseres Angebotes und unseres Webauftritts. Da uns die Privatsph\u00e4re unserer Nutzer wichtig ist, werden die Nutzerdaten pseudonymisiert.<\/p>\n\n\n\n<p>Die Nutzerdaten werden f\u00fcr die Dauer von 2 Wochen aufbewahrt.<\/p>\n\n\n\n<p><strong class=\"privacy-policy-tutorial\"><\/strong><\/p>\n","protected":false},"excerpt":{"rendered":"<p>Nutzungsbedingungen Die Lobminger Ortsmusik gestattet Ihnen das Benutzen dieser Website nur zu privatem, nichtkommerziellem Gebrauch. Der Inhalt\u00a0dieser Website ist urheberrechtlich gesch\u00fctzt. Die Bearbeitung des Inhalts der Website erfolgt durch den EDV-Verantwortlichen. Berichte, Beitr\u00e4ge, Bilder mit namentlicher Nennung stammen vom jeweiligen Autor. Durch die Benutzung aktzeptieren Sie folgende Pflichten. Das Einsehen und Herunterladen von Beitr\u00e4gen, Bildern [&hellip;]<\/p>\n","protected":false},"author":1,"featured_media":0,"parent":0,"menu_order":0,"comment_status":"closed","ping_status":"open","template":"","meta":{"footnotes":""},"class_list":["post-3","page","type-page","status-publish","hentry"],"_links":{"self":[{"href":"https:\/\/waldlfest.at\/index.php\/wp-json\/wp\/v2\/pages\/3","targetHints":{"allow":["GET"]}}],"collection":[{"href":"https:\/\/waldlfest.at\/index.php\/wp-json\/wp\/v2\/pages"}],"about":[{"href":"https:\/\/waldlfest.at\/index.php\/wp-json\/wp\/v2\/types\/page"}],"author":[{"embeddable":true,"href":"https:\/\/waldlfest.at\/index.php\/wp-json\/wp\/v2\/users\/1"}],"replies":[{"embeddable":true,"href":"https:\/\/waldlfest.at\/index.php\/wp-json\/wp\/v2\/comments?post=3"}],"version-history":[{"count":1,"href":"https:\/\/waldlfest.at\/index.php\/wp-json\/wp\/v2\/pages\/3\/revisions"}],"predecessor-version":[{"id":59,"href":"https:\/\/waldlfest.at\/index.php\/wp-json\/wp\/v2\/pages\/3\/revisions\/59"}],"wp:attachment":[{"href":"https:\/\/waldlfest.at\/index.php\/wp-json\/wp\/v2\/media?parent=3"}],"curies":[{"name":"wp","href":"https:\/\/api.w.org\/{rel}","templated":true}]}}