{"id":10,"date":"2022-05-22T16:46:07","date_gmt":"2022-05-22T16:46:07","guid":{"rendered":"http:\/\/waldlfest.at\/?page_id=10"},"modified":"2022-06-26T08:45:13","modified_gmt":"2022-06-26T08:45:13","slug":"the-new-umoma-opens-its-doors-2","status":"publish","type":"page","link":"https:\/\/waldlfest.at\/","title":{"rendered":"Das Wald&#8217;lfest 2022"},"content":{"rendered":"\n<div class=\"wp-block-group alignwide\"><div class=\"wp-block-group__inner-container is-layout-flow wp-block-group-is-layout-flow\">\n<h2 class=\"has-text-align-center wp-block-heading\">Bezirksmusiktreffen <\/h2>\n\n\n\n<h2 class=\"has-text-align-center wp-block-heading\">&amp;<\/h2>\n\n\n\n<h2 class=\"has-text-align-center wp-block-heading\">Blasmusikfest<\/h2>\n\n\n\n<h2 class=\"has-text-align-center wp-block-heading\">2. Juli 2022<\/h2>\n\n\n\n<h3 class=\"has-text-align-center wp-block-heading\"><strong>St.Stefan ob Leoben<\/strong> <\/h3>\n\n\n\n<h3 class=\"has-text-align-center wp-block-heading\">Ein legend\u00e4res Fest &#8211; eine unvergleichliche Atmosph\u00e4re<\/h3>\n<\/div><\/div>\n\n\n\n<div class=\"wp-block-columns alignwide is-layout-flex wp-container-core-columns-is-layout-9d6595d7 wp-block-columns-is-layout-flex\">\n<div class=\"wp-block-column is-layout-flow wp-block-column-is-layout-flow\">\n<div class=\"wp-block-group\"><div class=\"wp-block-group__inner-container is-layout-flow wp-block-group-is-layout-flow\">\n<h3 class=\"wp-block-heading\">Wald&#8217;lfest<\/h3>\n\n\n\n<figure class=\"wp-block-image alignfull size-full\"><img loading=\"lazy\" decoding=\"async\" width=\"960\" height=\"242\" src=\"https:\/\/waldlfest.at\/wp-content\/uploads\/2022\/05\/Fest_foto_1.jpg\" alt=\"\" class=\"wp-image-50\" srcset=\"https:\/\/waldlfest.at\/wp-content\/uploads\/2022\/05\/Fest_foto_1.jpg 960w, https:\/\/waldlfest.at\/wp-content\/uploads\/2022\/05\/Fest_foto_1-300x76.jpg 300w, https:\/\/waldlfest.at\/wp-content\/uploads\/2022\/05\/Fest_foto_1-768x194.jpg 768w\" sizes=\"auto, (max-width: 960px) 100vw, 960px\" \/><\/figure>\n\n\n\n<p><strong>ab 17.00 Gastkonzerte<\/strong><\/p>\n\n\n\n<p>MV Wald am Schoberpass<\/p>\n\n\n\n<p>MV Bergmusikkapelle Eisenerz<\/p>\n\n\n\n<p>MV St.Stefan\/Kaisersberg<\/p>\n\n\n\n<p>ab 20.30: Die Innsbrucker B\u00f6hmische<\/p>\n\n\n\n<p>ab 21.00: DJ Max im Stollen <\/p>\n\n\n\n<div class=\"wp-block-buttons is-layout-flex wp-block-buttons-is-layout-flex\">\n<div class=\"wp-block-button is-style-outline is-style-outline--1\"><a class=\"wp-block-button__link\" href=\"https:\/\/waldlfest.at\/index.php\/waldlfest-2022\/\">Mehr Erfahren<\/a><\/div>\n<\/div>\n<\/div><\/div>\n\n\n\n<div class=\"wp-block-group\"><div class=\"wp-block-group__inner-container is-layout-flow wp-block-group-is-layout-flow\">\n<h2 class=\"wp-block-heading\">Bezirksmusiktreffen<\/h2>\n<\/div><\/div>\n\n\n\n<figure class=\"wp-block-image size-full\"><img loading=\"lazy\" decoding=\"async\" width=\"800\" height=\"123\" src=\"https:\/\/waldlfest.at\/wp-content\/uploads\/2022\/05\/logo_st1500.png\" alt=\"\" class=\"wp-image-49\" srcset=\"https:\/\/waldlfest.at\/wp-content\/uploads\/2022\/05\/logo_st1500.png 800w, https:\/\/waldlfest.at\/wp-content\/uploads\/2022\/05\/logo_st1500-300x46.png 300w, https:\/\/waldlfest.at\/wp-content\/uploads\/2022\/05\/logo_st1500-768x118.png 768w\" sizes=\"auto, (max-width: 800px) 100vw, 800px\" \/><\/figure>\n\n\n\n<p><strong>Einmarsch in den Festwald: 15.30<\/strong><\/p>\n\n\n\n<p>im Anschluss gemeinsames Spiel und Festakt<\/p>\n\n\n\n<div class=\"wp-block-buttons is-layout-flex wp-block-buttons-is-layout-flex\">\n<div class=\"wp-block-button is-style-outline is-style-outline--2\"><a class=\"wp-block-button__link\">Mehr erfahren<\/a><\/div>\n<\/div>\n\n\n\n<div class=\"wp-block-group\"><div class=\"wp-block-group__inner-container is-layout-flow wp-block-group-is-layout-flow\">\n<h3 class=\"wp-block-heading\">Anreise<\/h3>\n\n\n\n<figure class=\"wp-block-image size-full\"><img loading=\"lazy\" decoding=\"async\" width=\"503\" height=\"363\" src=\"https:\/\/waldlfest.at\/wp-content\/uploads\/2022\/05\/GIS-Steiermark.jpg\" alt=\"\" class=\"wp-image-101\" srcset=\"https:\/\/waldlfest.at\/wp-content\/uploads\/2022\/05\/GIS-Steiermark.jpg 503w, https:\/\/waldlfest.at\/wp-content\/uploads\/2022\/05\/GIS-Steiermark-300x217.jpg 300w\" sizes=\"auto, (max-width: 503px) 100vw, 503px\" \/><figcaption>Murwaldsiedlung 40, 8713 St.Stefan<\/figcaption><\/figure>\n\n\n\n<p>S36 &#8211; Abfahrt St.Stefan<\/p>\n\n\n\n<p>Ortseinfahrt links, 600m dem Stra\u00dfenverlauf folgend<\/p>\n<\/div><\/div>\n<\/div>\n\n\n\n<div class=\"wp-block-column is-layout-flow wp-block-column-is-layout-flow\">\n<div class=\"wp-block-group\"><div class=\"wp-block-group__inner-container is-layout-flow wp-block-group-is-layout-flow\">\n<h3 class=\"wp-block-heading\">Sponsoren<\/h3>\n\n\n\n<p><strong>Unsere Hauptsponsoren<\/strong><\/p>\n\n\n\n<figure class=\"wp-block-image alignfull size-large\"><img loading=\"lazy\" decoding=\"async\" width=\"1024\" height=\"449\" src=\"https:\/\/waldlfest.at\/wp-content\/uploads\/2022\/05\/Hauptsponsoren-1024x449.jpg\" alt=\"\" class=\"wp-image-51\" srcset=\"https:\/\/waldlfest.at\/wp-content\/uploads\/2022\/05\/Hauptsponsoren-1024x449.jpg 1024w, https:\/\/waldlfest.at\/wp-content\/uploads\/2022\/05\/Hauptsponsoren-300x131.jpg 300w, https:\/\/waldlfest.at\/wp-content\/uploads\/2022\/05\/Hauptsponsoren-768x337.jpg 768w, https:\/\/waldlfest.at\/wp-content\/uploads\/2022\/05\/Hauptsponsoren-1536x673.jpg 1536w, https:\/\/waldlfest.at\/wp-content\/uploads\/2022\/05\/Hauptsponsoren-1200x526.jpg 1200w, https:\/\/waldlfest.at\/wp-content\/uploads\/2022\/05\/Hauptsponsoren.jpg 1538w\" sizes=\"auto, (max-width: 1024px) 100vw, 1024px\" \/><\/figure>\n\n\n\n<p><strong>Unsere Sponsoren<\/strong><\/p>\n\n\n\n<figure class=\"wp-block-image size-large\"><img loading=\"lazy\" decoding=\"async\" width=\"793\" height=\"1024\" src=\"https:\/\/waldlfest.at\/wp-content\/uploads\/2022\/06\/Logos_sonstige-793x1024.jpg\" alt=\"\" class=\"wp-image-195\" srcset=\"https:\/\/waldlfest.at\/wp-content\/uploads\/2022\/06\/Logos_sonstige-793x1024.jpg 793w, https:\/\/waldlfest.at\/wp-content\/uploads\/2022\/06\/Logos_sonstige-232x300.jpg 232w, https:\/\/waldlfest.at\/wp-content\/uploads\/2022\/06\/Logos_sonstige-768x992.jpg 768w, https:\/\/waldlfest.at\/wp-content\/uploads\/2022\/06\/Logos_sonstige-1189x1536.jpg 1189w, https:\/\/waldlfest.at\/wp-content\/uploads\/2022\/06\/Logos_sonstige-1586x2048.jpg 1586w, https:\/\/waldlfest.at\/wp-content\/uploads\/2022\/06\/Logos_sonstige-1200x1550.jpg 1200w, https:\/\/waldlfest.at\/wp-content\/uploads\/2022\/06\/Logos_sonstige-1980x2557.jpg 1980w, https:\/\/waldlfest.at\/wp-content\/uploads\/2022\/06\/Logos_sonstige-scaled.jpg 1982w\" sizes=\"auto, (max-width: 793px) 100vw, 793px\" \/><\/figure>\n\n\n\n<p>Wir danken unseren Sponsoren f\u00fcr die gro\u00dfz\u00fcgige Unterst\u00fctzung<\/p>\n\n\n\n<div class=\"wp-block-buttons is-layout-flex wp-block-buttons-is-layout-flex\">\n<div class=\"wp-block-button is-style-outline is-style-outline--3\"><a class=\"wp-block-button__link\" href=\"https:\/\/waldlfest.at\/index.php\/sponsoren\/\">Mehr Erfahren<\/a><\/div>\n<\/div>\n<\/div><\/div>\n<\/div>\n<\/div>\n\n\n\n<p><\/p>\n\n\n\n<figure class=\"wp-block-gallery alignwide has-nested-images columns-default is-cropped wp-block-gallery-4 is-layout-flex wp-block-gallery-is-layout-flex\"><\/figure>\n","protected":false},"excerpt":{"rendered":"<p>Bezirksmusiktreffen &amp; Blasmusikfest 2. Juli 2022 St.Stefan ob Leoben Ein legend\u00e4res Fest &#8211; eine unvergleichliche Atmosph\u00e4re Wald&#8217;lfest ab 17.00 Gastkonzerte MV Wald am Schoberpass MV Bergmusikkapelle Eisenerz MV St.Stefan\/Kaisersberg ab 20.30: Die Innsbrucker B\u00f6hmische ab 21.00: DJ Max im Stollen Bezirksmusiktreffen Einmarsch in den Festwald: 15.30 im Anschluss gemeinsames Spiel und Festakt Anreise S36 &#8211; [&hellip;]<\/p>\n","protected":false},"author":1,"featured_media":0,"parent":0,"menu_order":0,"comment_status":"closed","ping_status":"closed","template":"","meta":{"footnotes":""},"class_list":["post-10","page","type-page","status-publish","hentry"],"_links":{"self":[{"href":"https:\/\/waldlfest.at\/index.php\/wp-json\/wp\/v2\/pages\/10","targetHints":{"allow":["GET"]}}],"collection":[{"href":"https:\/\/waldlfest.at\/index.php\/wp-json\/wp\/v2\/pages"}],"about":[{"href":"https:\/\/waldlfest.at\/index.php\/wp-json\/wp\/v2\/types\/page"}],"author":[{"embeddable":true,"href":"https:\/\/waldlfest.at\/index.php\/wp-json\/wp\/v2\/users\/1"}],"replies":[{"embeddable":true,"href":"https:\/\/waldlfest.at\/index.php\/wp-json\/wp\/v2\/comments?post=10"}],"version-history":[{"count":41,"href":"https:\/\/waldlfest.at\/index.php\/wp-json\/wp\/v2\/pages\/10\/revisions"}],"predecessor-version":[{"id":197,"href":"https:\/\/waldlfest.at\/index.php\/wp-json\/wp\/v2\/pages\/10\/revisions\/197"}],"wp:attachment":[{"href":"https:\/\/waldlfest.at\/index.php\/wp-json\/wp\/v2\/media?parent=10"}],"curies":[{"name":"wp","href":"https:\/\/api.w.org\/{rel}","templated":true}]}}